{"id":123,"date":"2021-08-19T01:29:39","date_gmt":"2021-08-19T01:29:39","guid":{"rendered":"https:\/\/mar.21lab.co\/?page_id=123"},"modified":"2025-12-17T22:05:20","modified_gmt":"2025-12-17T20:05:20","slug":"kontakt","status":"publish","type":"page","link":"https:\/\/studiocobra.net\/index.php\/kontakt\/","title":{"rendered":"KONTAKT"},"content":{"rendered":"\t\t<div data-elementor-type=\"wp-page\" data-elementor-id=\"123\" class=\"elementor elementor-123\">\n\t\t\t\t\t\t<div class=\"elementor-section elementor-top-section elementor-element elementor-element-d83ceaf elementor-section-boxed elementor-section-height-default elementor-section-height-default\" data-id=\"d83ceaf\" data-element_type=\"section\" data-e-type=\"section\">\n\t\t\t\t\t\t<div class=\"elementor-container elementor-column-gap-default\">\n\t\t\t\t\t<div class=\"elementor-column elementor-col-100 elementor-top-column elementor-element elementor-element-2628fbf\" data-id=\"2628fbf\" data-element_type=\"column\" data-e-type=\"column\">\n\t\t\t<div class=\"elementor-widget-wrap elementor-element-populated\">\n\t\t\t\t\t\t<div class=\"elementor-element elementor-element-8dd288e elementor-icon-list--layout-inline elementor-list-item-link-full_width elementor-widget elementor-widget-icon-list\" data-id=\"8dd288e\" data-element_type=\"widget\" data-e-type=\"widget\" data-widget_type=\"icon-list.default\">\n\t\t\t\t<div class=\"elementor-widget-container\">\n\t\t\t\t\t\t\t<ul class=\"elementor-icon-list-items elementor-inline-items\">\n\t\t\t\t\t\t\t<li class=\"elementor-icon-list-item elementor-inline-item\">\n\t\t\t\t\t\t\t\t\t\t\t<span class=\"elementor-icon-list-icon\">\n\t\t\t\t\t\t\t<svg xmlns=\"http:\/\/www.w3.org\/2000\/svg\" height=\"48\" width=\"48\" viewBox=\"0 0 48 48\"><title>square pin<\/title><g stroke-linecap=\"square\" stroke-width=\"2\" fill=\"none\" stroke=\"#ff5100\" stroke-linejoin=\"miter\" class=\"nc-icon-wrapper\" stroke-miterlimit=\"10\"><polyline points=\" 10,34 4,46 44,46 38,34 \" stroke=\"#ff5100\"><\/polyline><path d=\"M38,16 c0,8.641-14,22.75-14,22.75S10,24.641,10,16c0-8.859,7.235-14,14-14S38,7.141,38,16z\"><\/path><circle cx=\"24\" cy=\"16\" r=\"4\"><\/circle><\/g><\/svg>\t\t\t\t\t\t<\/span>\n\t\t\t\t\t\t\t\t\t\t<span class=\"elementor-icon-list-text\">Knez Milosa, 74000 Doboj<\/span>\n\t\t\t\t\t\t\t\t\t<\/li>\n\t\t\t\t\t\t\t\t<li class=\"elementor-icon-list-item elementor-inline-item\">\n\t\t\t\t\t\t\t\t\t\t\t<span class=\"elementor-icon-list-icon\">\n\t\t\t\t\t\t\t<svg xmlns=\"http:\/\/www.w3.org\/2000\/svg\" height=\"48\" width=\"48\" viewBox=\"0 0 48 48\"><title>clock<\/title><g stroke-linecap=\"square\" stroke-width=\"2\" fill=\"none\" stroke=\"#ff5100\" stroke-linejoin=\"miter\" class=\"nc-icon-wrapper\" stroke-miterlimit=\"10\"><circle cx=\"24\" cy=\"24\" r=\"22\"><\/circle><polyline points=\"24 10 24 24 38 24\" stroke=\"#ff5100\"><\/polyline><\/g><\/svg>\t\t\t\t\t\t<\/span>\n\t\t\t\t\t\t\t\t\t\t<span class=\"elementor-icon-list-text\">Pon - Sub od 08:00 do 17:00<\/span>\n\t\t\t\t\t\t\t\t\t<\/li>\n\t\t\t\t\t\t\t\t<li class=\"elementor-icon-list-item elementor-inline-item\">\n\t\t\t\t\t\t\t\t\t\t\t<span class=\"elementor-icon-list-icon\">\n\t\t\t\t\t\t\t<svg xmlns=\"http:\/\/www.w3.org\/2000\/svg\" height=\"48\" width=\"48\" viewBox=\"0 0 48 48\"><title>telephone<\/title><g stroke-linecap=\"square\" stroke-width=\"2\" fill=\"none\" stroke=\"#ff5100\" stroke-linejoin=\"miter\" class=\"nc-icon-wrapper\" stroke-miterlimit=\"10\"><path d=\"M14,22,4,35v6a4,4,0,0,0,4,4H40a4,4,0,0,0,4-4V35L34,22Z\"><\/path><circle cx=\"24\" cy=\"33\" r=\"6\" stroke=\"#ff5100\"><\/circle><path d=\"M17.13,14.247,16.639,9.83a29.3,29.3,0,0,1,14.721,0l-.491,4.417a2.36,2.36,0,0,0,1.5,2.461l7.273,2.8A2.359,2.359,0,0,0,42.521,18.5l3.153-5.362a2.372,2.372,0,0,0-.615-3.091,34.988,34.988,0,0,0-42.119,0,2.372,2.372,0,0,0-.614,3.09L5.479,18.5a2.359,2.359,0,0,0,2.879,1.006l7.273-2.8A2.36,2.36,0,0,0,17.13,14.247Z\"><\/path><\/g><\/svg>\t\t\t\t\t\t<\/span>\n\t\t\t\t\t\t\t\t\t\t<span class=\"elementor-icon-list-text\">Tel\/Whatsapp : +387 65 435 777<\/span>\n\t\t\t\t\t\t\t\t\t<\/li>\n\t\t\t\t\t\t<\/ul>\n\t\t\t\t\t\t<\/div>\n\t\t\t\t<\/div>\n\t\t\t\t<div class=\"elementor-element elementor-element-b474a22 elementor-widget-divider--view-line elementor-widget elementor-widget-divider\" data-id=\"b474a22\" data-element_type=\"widget\" data-e-type=\"widget\" data-widget_type=\"divider.default\">\n\t\t\t\t<div class=\"elementor-widget-container\">\n\t\t\t\t\t\t\t<div class=\"elementor-divider\">\n\t\t\t<span class=\"elementor-divider-separator\">\n\t\t\t\t\t\t<\/span>\n\t\t<\/div>\n\t\t\t\t\t\t<\/div>\n\t\t\t\t<\/div>\n\t\t\t\t\t<\/div>\n\t\t<\/div>\n\t\t\t\t\t<\/div>\n\t\t<\/div>\n\t\t<div class=\"elementor-element elementor-element-5bd00e8 e-flex e-con-boxed e-con e-parent\" data-id=\"5bd00e8\" data-element_type=\"container\" data-e-type=\"container\">\n\t\t\t\t\t<div class=\"e-con-inner\">\n\t\t\t\t<div class=\"elementor-element elementor-element-f3d4511 elementor-widget elementor-widget-jw-headline\" data-id=\"f3d4511\" data-element_type=\"widget\" data-e-type=\"widget\" data-widget_type=\"jw-headline.default\">\n\t\t\t\t<div class=\"elementor-widget-container\">\n\t\t\t\t\t<h2 class=\"jw-headline jw-headline--direction-vertical\"><span class=\"jw-headline__part jw-headline__first\"><span class=\"jw-headline__label\">Po\u0161aljite zahtev<\/span><\/span><span class=\"jw-headline__part jw-headline__second\"><span class=\"jw-headline__label\">Pozovite nas, po\u0161aljite nam e-po\u0161tu<\/span><\/span><\/h2>\t\t\t\t<\/div>\n\t\t\t\t<\/div>\n\t\t\t\t\t<\/div>\n\t\t\t\t<\/div>\n\t\t<div class=\"elementor-element elementor-element-9c46678 e-flex e-con-boxed e-con e-parent\" data-id=\"9c46678\" data-element_type=\"container\" data-e-type=\"container\">\n\t\t\t\t\t<div class=\"e-con-inner\">\n\t\t\t\t<div class=\"elementor-element elementor-element-8e6f68e elementor-widget elementor-widget-spacer\" data-id=\"8e6f68e\" data-element_type=\"widget\" data-e-type=\"widget\" data-widget_type=\"spacer.default\">\n\t\t\t\t<div class=\"elementor-widget-container\">\n\t\t\t\t\t\t\t<div class=\"elementor-spacer\">\n\t\t\t<div class=\"elementor-spacer-inner\"><\/div>\n\t\t<\/div>\n\t\t\t\t\t\t<\/div>\n\t\t\t\t<\/div>\n\t\t\t\t\t<\/div>\n\t\t\t\t<\/div>\n\t\t<div class=\"elementor-element elementor-element-94a6478 e-flex e-con-boxed e-con e-parent\" data-id=\"94a6478\" data-element_type=\"container\" data-e-type=\"container\">\n\t\t\t\t\t<div class=\"e-con-inner\">\n\t\t<div class=\"elementor-element elementor-element-05808a6 e-con-full e-flex e-con e-child\" data-id=\"05808a6\" data-element_type=\"container\" data-e-type=\"container\">\n\t\t\t\t<div class=\"elementor-element elementor-element-fe9c003 elementor-widget elementor-widget-google_maps\" data-id=\"fe9c003\" data-element_type=\"widget\" data-e-type=\"widget\" data-widget_type=\"google_maps.default\">\n\t\t\t\t<div class=\"elementor-widget-container\">\n\t\t\t\t\t\t\t<div class=\"elementor-custom-embed\">\n\t\t\t<iframe loading=\"lazy\"\n\t\t\t\t\tsrc=\"https:\/\/maps.google.com\/maps?q=Knez%20Milosa%2C%20Doboj&#038;t=m&#038;z=15&#038;output=embed&#038;iwloc=near\"\n\t\t\t\t\ttitle=\"Knez Milosa, Doboj\"\n\t\t\t\t\taria-label=\"Knez Milosa, Doboj\"\n\t\t\t><\/iframe>\n\t\t<\/div>\n\t\t\t\t\t\t<\/div>\n\t\t\t\t<\/div>\n\t\t\t\t<\/div>\n\t\t<div class=\"elementor-element elementor-element-e1b0dce e-con-full e-flex e-con e-child\" data-id=\"e1b0dce\" data-element_type=\"container\" data-e-type=\"container\">\n\t\t\t\t<div class=\"elementor-element elementor-element-b83e717 elementor-invisible elementor-widget elementor-widget-jw-contact-form-7\" data-id=\"b83e717\" data-element_type=\"widget\" data-e-type=\"widget\" data-settings=\"{&quot;_animation&quot;:&quot;bounceInUp&quot;}\" data-widget_type=\"jw-contact-form-7.default\">\n\t\t\t\t<div class=\"elementor-widget-container\">\n\t\t\t\t\t<div class=\"elementor-jw-contact-form-7 jet-widgets\">\n<div class=\"wpcf7 no-js\" id=\"wpcf7-f750-o1\" lang=\"en-US\" dir=\"ltr\" data-wpcf7-id=\"750\">\n<div class=\"screen-reader-response\"><p role=\"status\" aria-live=\"polite\" aria-atomic=\"true\"><\/p> <ul><\/ul><\/div>\n<form action=\"\/index.php\/wp-json\/wp\/v2\/pages\/123#wpcf7-f750-o1\" method=\"post\" class=\"wpcf7-form init\" aria-label=\"Contact form\" novalidate=\"novalidate\" data-status=\"init\">\n<fieldset class=\"hidden-fields-container\"><input type=\"hidden\" name=\"_wpcf7\" value=\"750\" \/><input type=\"hidden\" name=\"_wpcf7_version\" value=\"6.1.5\" \/><input type=\"hidden\" name=\"_wpcf7_locale\" value=\"en_US\" \/><input type=\"hidden\" name=\"_wpcf7_unit_tag\" value=\"wpcf7-f750-o1\" \/><input type=\"hidden\" name=\"_wpcf7_container_post\" value=\"0\" \/><input type=\"hidden\" name=\"_wpcf7_posted_data_hash\" value=\"\" \/>\n<\/fieldset>\n<div class=\"ctform\">\n\t<p class=\"form-row\"><br \/>\n<span class=\"wpcf7-form-control-wrap\" data-name=\"text-857\"><input size=\"40\" maxlength=\"400\" class=\"wpcf7-form-control wpcf7-text wpcf7-validates-as-required\" aria-required=\"true\" aria-invalid=\"false\" placeholder=\"Ime *\" value=\"\" type=\"text\" name=\"text-857\" \/><\/span><br \/>\n<span class=\"wpcf7-form-control-wrap\" data-name=\"text-980\"><input size=\"40\" maxlength=\"400\" class=\"wpcf7-form-control wpcf7-text wpcf7-validates-as-required\" aria-required=\"true\" aria-invalid=\"false\" placeholder=\"Prezime *\" value=\"\" type=\"text\" name=\"text-980\" \/><\/span>\n\t<\/p>\n\t<p class=\"form-row\"><br \/>\n<span class=\"wpcf7-form-control-wrap\" data-name=\"email-71\"><input size=\"40\" maxlength=\"400\" class=\"wpcf7-form-control wpcf7-email wpcf7-validates-as-required wpcf7-text wpcf7-validates-as-email\" aria-required=\"true\" aria-invalid=\"false\" placeholder=\"E-mail *\" value=\"\" type=\"email\" name=\"email-71\" \/><\/span><br \/>\n<span class=\"wpcf7-form-control-wrap\" data-name=\"tel-112\"><input size=\"40\" maxlength=\"400\" class=\"wpcf7-form-control wpcf7-tel wpcf7-validates-as-required wpcf7-text wpcf7-validates-as-tel\" aria-required=\"true\" aria-invalid=\"false\" placeholder=\"Telefon *\" value=\"\" type=\"tel\" name=\"tel-112\" \/><\/span>\n\t<\/p>\n\t<p class=\"form-row\"><br \/>\n<span class=\"wpcf7-form-control-wrap\" data-name=\"text-155\"><input size=\"40\" maxlength=\"400\" class=\"wpcf7-form-control wpcf7-text\" aria-invalid=\"false\" placeholder=\"Firma\/Organizacija\" value=\"\" type=\"text\" name=\"text-155\" \/><\/span><br \/>\n<span class=\"wpcf7-form-control-wrap\" data-name=\"text-910\"><input size=\"40\" maxlength=\"400\" class=\"wpcf7-form-control wpcf7-text\" aria-invalid=\"false\" placeholder=\"https:\/\/primjer.com\" value=\"\" type=\"text\" name=\"text-910\" \/><\/span>\n\t<\/p>\n\t<p class=\"form-row ui-dropdown\"><br \/>\n<span class=\"wpcf7-form-control-wrap\" data-name=\"menu-452\"><select class=\"wpcf7-form-control wpcf7-select\" aria-invalid=\"false\" name=\"menu-452\"><option value=\"Koje usluge mo\u017eemo da vam pru\u017eimo?\">Koje usluge mo\u017eemo da vam pru\u017eimo?<\/option><option value=\"Web dizajn\">Web dizajn<\/option><option value=\"Optimatizacija (SEO)\">Optimatizacija (SEO)<\/option><option value=\"Menad\u017ement komentara\">Menad\u017ement komentara<\/option><option value=\"Odr\u017eavanje kompjutera\">Odr\u017eavanje kompjutera<\/option><option value=\"Plac\u0301anje po kliku (PPC)\">Plac\u0301anje po kliku (PPC)<\/option><option value=\"Odr\u017eavanje e-trgovine\">Odr\u017eavanje e-trgovine<\/option><option value=\"Povratak datoteka\">Povratak datoteka<\/option><option value=\"Povrat izgubljenih lozinki\">Povrat izgubljenih lozinki<\/option><option value=\"Dru\u0161tveni mediji\">Dru\u0161tveni mediji<\/option><option value=\"Fotografija\/Video\">Fotografija\/Video<\/option><option value=\"E-mail marketing\">E-mail marketing<\/option><option value=\"Marketing na pretra\u017eiva\u010dima\">Marketing na pretra\u017eiva\u010dima<\/option><\/select><\/span>\n\t<\/p>\n\t<p class=\"form-row ui-flexColumn\"><br \/>\n<label>Poruka<\/label><br \/>\n<span class=\"wpcf7-form-control-wrap\" data-name=\"textarea-648\"><textarea cols=\"40\" rows=\"10\" maxlength=\"2000\" class=\"wpcf7-form-control wpcf7-textarea\" aria-invalid=\"false\" name=\"textarea-648\"><\/textarea><\/span>\n\t<\/p>\n\t<p><br \/>\n<input class=\"wpcf7-form-control wpcf7-submit has-spinner\" type=\"submit\" value=\"Po\u0161alji poruku\" \/>\n\t<\/p>\n\t<p><br \/>\n<span class=\"wpcf7-form-control-wrap\" data-name=\"acceptance-133\"><span class=\"wpcf7-form-control wpcf7-acceptance\"><span class=\"wpcf7-list-item\"><label><input type=\"checkbox\" name=\"acceptance-133\" value=\"1\" checked=\"checked\" aria-invalid=\"false\" \/><span class=\"wpcf7-list-item-label\">Primajte mese\u010dna a\u017euriranja koja pokrivaju marketing i sve digitalne stvari. Bez ne\u017eeljene po\u0161te, obec\u0301avamo.<\/span><\/label><\/span><\/span><\/span>\n\t<\/p>\n<\/div><div class=\"wpcf7-response-output\" aria-hidden=\"true\"><\/div>\n<\/form>\n<\/div>\n<\/div>\t\t\t\t<\/div>\n\t\t\t\t<\/div>\n\t\t\t\t<\/div>\n\t\t\t\t\t<\/div>\n\t\t\t\t<\/div>\n\t\t<div class=\"elementor-element elementor-element-d8f7975 e-flex e-con-boxed e-con e-parent\" data-id=\"d8f7975\" data-element_type=\"container\" data-e-type=\"container\">\n\t\t\t\t\t<div class=\"e-con-inner\">\n\t\t\t\t<div class=\"elementor-element elementor-element-31d940c elementor-widget elementor-widget-spacer\" data-id=\"31d940c\" data-element_type=\"widget\" data-e-type=\"widget\" data-widget_type=\"spacer.default\">\n\t\t\t\t<div class=\"elementor-widget-container\">\n\t\t\t\t\t\t\t<div class=\"elementor-spacer\">\n\t\t\t<div class=\"elementor-spacer-inner\"><\/div>\n\t\t<\/div>\n\t\t\t\t\t\t<\/div>\n\t\t\t\t<\/div>\n\t\t\t\t\t<\/div>\n\t\t\t\t<\/div>\n\t\t\t\t<\/div>\n\t\t","protected":false},"excerpt":{"rendered":"<p>square pin Knez Milosa, 74000 Doboj clock Pon &#8211; Sub od 08:00 do 17:00 telephone Tel\/Whatsapp : +387 65 435 777 Po\u0161aljite zahtevPozovite nas, po\u0161aljite nam e-po\u0161tu Koje usluge mo\u017eemo da vam pru\u017eimo?Web dizajnOptimatizacija (SEO)Menad\u017ement komentaraOdr\u017eavanje kompjuteraPlac\u0301anje po kliku (PPC)Odr\u017eavanje e-trgovinePovratak datotekaPovrat izgubljenih lozinkiDru\u0161tveni medijiFotografija\/VideoE-mail marketingMarketing na pretra\u017eiva\u010dima Poruka Primajte mese\u010dna a\u017euriranja koja pokrivaju marketing [&hellip;]<\/p>\n","protected":false},"author":1,"featured_media":241,"parent":0,"menu_order":0,"comment_status":"closed","ping_status":"closed","template":"tmpl\/template-fullwidth.php","meta":{"_acf_changed":false,"inline_featured_image":false,"_uf_show_specific_survey":0,"_uf_disable_surveys":false,"footnotes":""},"class_list":["post-123","page","type-page","status-publish","has-post-thumbnail","hentry"],"acf":[],"aioseo_notices":[],"_links":{"self":[{"href":"https:\/\/studiocobra.net\/index.php\/wp-json\/wp\/v2\/pages\/123","targetHints":{"allow":["GET"]}}],"collection":[{"href":"https:\/\/studiocobra.net\/index.php\/wp-json\/wp\/v2\/pages"}],"about":[{"href":"https:\/\/studiocobra.net\/index.php\/wp-json\/wp\/v2\/types\/page"}],"author":[{"embeddable":true,"href":"https:\/\/studiocobra.net\/index.php\/wp-json\/wp\/v2\/users\/1"}],"replies":[{"embeddable":true,"href":"https:\/\/studiocobra.net\/index.php\/wp-json\/wp\/v2\/comments?post=123"}],"version-history":[{"count":49,"href":"https:\/\/studiocobra.net\/index.php\/wp-json\/wp\/v2\/pages\/123\/revisions"}],"predecessor-version":[{"id":2665,"href":"https:\/\/studiocobra.net\/index.php\/wp-json\/wp\/v2\/pages\/123\/revisions\/2665"}],"wp:featuredmedia":[{"embeddable":true,"href":"https:\/\/studiocobra.net\/index.php\/wp-json\/wp\/v2\/media\/241"}],"wp:attachment":[{"href":"https:\/\/studiocobra.net\/index.php\/wp-json\/wp\/v2\/media?parent=123"}],"curies":[{"name":"wp","href":"https:\/\/api.w.org\/{rel}","templated":true}]}}