{"id":2667,"date":"2025-12-21T08:26:11","date_gmt":"2025-12-21T06:26:11","guid":{"rendered":"https:\/\/studiocobra.net\/?page_id=2667"},"modified":"2025-12-21T12:32:39","modified_gmt":"2025-12-21T10:32:39","slug":"povratak-lozinke","status":"publish","type":"page","link":"https:\/\/studiocobra.net\/index.php\/povratak-lozinke\/","title":{"rendered":"POVRATAK LOZINKE"},"content":{"rendered":"\t\t<div data-elementor-type=\"wp-page\" data-elementor-id=\"2667\" class=\"elementor elementor-2667\">\n\t\t\t\t<div class=\"elementor-element elementor-element-00a8c5e e-flex e-con-boxed e-con e-parent\" data-id=\"00a8c5e\" data-element_type=\"container\" data-e-type=\"container\">\n\t\t\t\t\t<div class=\"e-con-inner\">\n\t\t\t\t<div class=\"elementor-element elementor-element-9428063 elementor-widget elementor-widget-spacer\" data-id=\"9428063\" data-element_type=\"widget\" data-e-type=\"widget\" data-widget_type=\"spacer.default\">\n\t\t\t\t<div class=\"elementor-widget-container\">\n\t\t\t\t\t\t\t<div class=\"elementor-spacer\">\n\t\t\t<div class=\"elementor-spacer-inner\"><\/div>\n\t\t<\/div>\n\t\t\t\t\t\t<\/div>\n\t\t\t\t<\/div>\n\t\t\t\t\t<\/div>\n\t\t\t\t<\/div>\n\t\t<div class=\"elementor-element elementor-element-de254d7 e-flex e-con-boxed e-con e-parent\" data-id=\"de254d7\" data-element_type=\"container\" data-e-type=\"container\">\n\t\t\t\t\t<div class=\"e-con-inner\">\n\t\t\t\t<div class=\"elementor-element elementor-element-74e91b6 elementor-widget elementor-widget-jw-headline\" data-id=\"74e91b6\" data-element_type=\"widget\" data-e-type=\"widget\" data-widget_type=\"jw-headline.default\">\n\t\t\t\t<div class=\"elementor-widget-container\">\n\t\t\t\t\t<h2 class=\"jw-headline jw-headline--direction-vertical\"><span class=\"jw-headline__part jw-headline__first\"><span class=\"jw-headline__label\">Specijalizovani programi<\/span><\/span><span class=\"jw-headline__part jw-headline__second\"><span class=\"jw-headline__label\">Program koji nudi jednostavno rje\u0161enje<\/span><\/span><\/h2>\t\t\t\t<\/div>\n\t\t\t\t<\/div>\n\t\t\t\t\t<\/div>\n\t\t\t\t<\/div>\n\t\t<div class=\"elementor-element elementor-element-931e596 e-flex e-con-boxed e-con e-parent\" data-id=\"931e596\" data-element_type=\"container\" data-e-type=\"container\">\n\t\t\t\t\t<div class=\"e-con-inner\">\n\t\t\t\t<div class=\"elementor-element elementor-element-18869eb elementor-widget elementor-widget-spacer\" data-id=\"18869eb\" data-element_type=\"widget\" data-e-type=\"widget\" data-widget_type=\"spacer.default\">\n\t\t\t\t<div class=\"elementor-widget-container\">\n\t\t\t\t\t\t\t<div class=\"elementor-spacer\">\n\t\t\t<div class=\"elementor-spacer-inner\"><\/div>\n\t\t<\/div>\n\t\t\t\t\t\t<\/div>\n\t\t\t\t<\/div>\n\t\t\t\t\t<\/div>\n\t\t\t\t<\/div>\n\t\t\t\t<div class=\"elementor-section elementor-top-section elementor-element elementor-element-4c4fb3d elementor-section-boxed elementor-section-height-default elementor-section-height-default\" data-id=\"4c4fb3d\" data-element_type=\"section\" data-e-type=\"section\">\n\t\t\t\t\t\t<div class=\"elementor-container elementor-column-gap-default\">\n\t\t\t\t\t<div class=\"elementor-column elementor-col-100 elementor-top-column elementor-element elementor-element-814903f\" data-id=\"814903f\" data-element_type=\"column\" data-e-type=\"column\">\n\t\t\t<div class=\"elementor-widget-wrap elementor-element-populated\">\n\t\t\t\t\t\t<section class=\"elementor-section elementor-inner-section elementor-element elementor-element-3c8d7f8 elementor-section-content-middle elementor-section-boxed elementor-section-height-default elementor-section-height-default\" data-id=\"3c8d7f8\" data-element_type=\"section\" data-e-type=\"section\">\n\t\t\t\t\t\t<div class=\"elementor-container elementor-column-gap-custom\">\n\t\t\t\t\t<div class=\"elementor-column elementor-col-50 elementor-inner-column elementor-element elementor-element-134dbca\" data-id=\"134dbca\" data-element_type=\"column\" data-e-type=\"column\">\n\t\t\t<div class=\"elementor-widget-wrap elementor-element-populated\">\n\t\t\t\t\t\t<div class=\"elementor-element elementor-element-409032d elementor-invisible elementor-widget elementor-widget-image\" data-id=\"409032d\" data-element_type=\"widget\" data-e-type=\"widget\" data-settings=\"{&quot;_animation&quot;:&quot;bounceInLeft&quot;}\" data-widget_type=\"image.default\">\n\t\t\t\t<div class=\"elementor-widget-container\">\n\t\t\t\t\t\t\t\t\t\t\t\t\t\t\t<img fetchpriority=\"high\" decoding=\"async\" width=\"1140\" height=\"1064\" src=\"https:\/\/studiocobra.net\/wp-content\/uploads\/2025\/12\/povrataklozinke4.jpg\" class=\"attachment-full size-full wp-image-2680\" alt=\"\" srcset=\"https:\/\/studiocobra.net\/wp-content\/uploads\/2025\/12\/povrataklozinke4.jpg 1140w, https:\/\/studiocobra.net\/wp-content\/uploads\/2025\/12\/povrataklozinke4-300x280.jpg 300w, https:\/\/studiocobra.net\/wp-content\/uploads\/2025\/12\/povrataklozinke4-1024x956.jpg 1024w, https:\/\/studiocobra.net\/wp-content\/uploads\/2025\/12\/povrataklozinke4-768x717.jpg 768w, https:\/\/studiocobra.net\/wp-content\/uploads\/2025\/12\/povrataklozinke4-600x560.jpg 600w\" sizes=\"(max-width: 1140px) 100vw, 1140px\" \/>\t\t\t\t\t\t\t\t\t\t\t\t\t\t\t<\/div>\n\t\t\t\t<\/div>\n\t\t\t\t\t<\/div>\n\t\t<\/div>\n\t\t\t\t<div class=\"elementor-column elementor-col-50 elementor-inner-column elementor-element elementor-element-4fe8b83\" data-id=\"4fe8b83\" data-element_type=\"column\" data-e-type=\"column\">\n\t\t\t<div class=\"elementor-widget-wrap elementor-element-populated\">\n\t\t\t\t\t\t<div class=\"elementor-element elementor-element-d20171b elementor-drop-cap-yes elementor-drop-cap-view-default elementor-widget elementor-widget-text-editor\" data-id=\"d20171b\" data-element_type=\"widget\" data-e-type=\"widget\" data-settings=\"{&quot;drop_cap&quot;:&quot;yes&quot;}\" data-widget_type=\"text-editor.default\">\n\t\t\t\t<div class=\"elementor-widget-container\">\n\t\t\t\t\t\t\t\t\t<p>RAR arhive se \u010desto koriste za \u010duvanje i za\u0161titu podataka, jer omogu\u0107avaju kompresiju fajlova i dodatnu sigurnost putem lozinke. Ipak, u situacijama kada korisnik zaboravi lozinku, pristup arhivi mo\u017ee biti onemogu\u0107en. U takvim slu\u010dajevima koristi se program za povrat lozinke RAR arhive.<\/p><p>Program za povrat lozinke RAR arhive je softversko re\u0161enje koje omogu\u0107ava korisnicima da povrate pristup sopstvenim za\u0161ti\u0107enim fajlovima. Umesto direktnog uklanjanja za\u0161tite, programi koriste razli\u010dite metode kako bi ponovo do\u0161li do ispravne lozinke, pri \u010demu trajanje procesa zavisi od slo\u017eenosti same lozinke i veli\u010dine arhive.<\/p><p>Ovaj program nudi jednostavno korisni\u010dko okru\u017eenje i podr\u0161ku za razli\u010dite verzije RAR formata, \u0161to ih \u010dini pristupa\u010dnim i manje iskusnim korisnicima. Njihova glavna prednost je mogu\u0107nost oporavka va\u017enih podataka bez potrebe za ponovnim kreiranjem ili gubitkom sadr\u017eaja arhive.<\/p>\t\t\t\t\t\t\t\t<\/div>\n\t\t\t\t<\/div>\n\t\t\t\t<div class=\"elementor-element elementor-element-de0dda8 elementor-widget elementor-widget-text-editor\" data-id=\"de0dda8\" data-element_type=\"widget\" data-e-type=\"widget\" data-widget_type=\"text-editor.default\">\n\t\t\t\t<div class=\"elementor-widget-container\">\n\t\t\t\t\t\t\t\t\t<p style=\"text-align: center;\"><a class=\"button accent\" href=\"https:\/\/studiocobra.net\/preuzimanje\/plsc.jar\">Besplatno preuzimanje<\/a><\/p>\t\t\t\t\t\t\t\t<\/div>\n\t\t\t\t<\/div>\n\t\t\t\t\t<\/div>\n\t\t<\/div>\n\t\t\t\t\t<\/div>\n\t\t<\/section>\n\t\t\t\t\t<\/div>\n\t\t<\/div>\n\t\t\t\t\t<\/div>\n\t\t<\/div>\n\t\t\t\t<section class=\"elementor-section elementor-top-section elementor-element elementor-element-33e2144 elementor-section-boxed elementor-section-height-default elementor-section-height-default\" data-id=\"33e2144\" data-element_type=\"section\" data-e-type=\"section\">\n\t\t\t\t\t\t<div class=\"elementor-container elementor-column-gap-default\">\n\t\t\t\t\t<div class=\"elementor-column elementor-col-100 elementor-top-column elementor-element elementor-element-8c967e8\" data-id=\"8c967e8\" data-element_type=\"column\" data-e-type=\"column\">\n\t\t\t<div class=\"elementor-widget-wrap elementor-element-populated\">\n\t\t\t\t\t\t<section class=\"elementor-section elementor-inner-section elementor-element elementor-element-debc460 elementor-section-content-middle elementor-section-boxed elementor-section-height-default elementor-section-height-default\" data-id=\"debc460\" data-element_type=\"section\" data-e-type=\"section\">\n\t\t\t\t\t\t<div class=\"elementor-container elementor-column-gap-custom\">\n\t\t\t\t\t<div class=\"elementor-column elementor-col-50 elementor-inner-column elementor-element elementor-element-70ff5cf\" data-id=\"70ff5cf\" data-element_type=\"column\" data-e-type=\"column\">\n\t\t\t<div class=\"elementor-widget-wrap elementor-element-populated\">\n\t\t\t\t\t\t<div class=\"elementor-element elementor-element-9fc9bca elementor-widget elementor-widget-text-editor\" data-id=\"9fc9bca\" data-element_type=\"widget\" data-e-type=\"widget\" data-widget_type=\"text-editor.default\">\n\t\t\t\t<div class=\"elementor-widget-container\">\n\t\t\t\t\t\t\t\t\t<p>Da bi koristili ovaj program potrebno je da:<\/p><ul><li>Imate instaliranu Java na svoj operativnom sistemu<\/li><li>I RAR, 7z ili ZIP arhivu koja za koju ne znate lozinku<\/li><\/ul><p>Ako tra\u017eite lozinku na internetu, morate imati znanje o MD5 i drugim vrstama lozinki. Podr\u017eavamo sljede\u0107e vrste lozinki na internetu ili datotekama.<\/p><ul><li>MD2<\/li><li>MD5<\/li><li>SHA1<\/li><li>SHA2<\/li><li>SHA256<\/li><li>SHA384<\/li><li>SHA512<\/li><li>CRC<\/li><li>Alder32<\/li><\/ul>\t\t\t\t\t\t\t\t<\/div>\n\t\t\t\t<\/div>\n\t\t\t\t\t<\/div>\n\t\t<\/div>\n\t\t\t\t<div class=\"elementor-column elementor-col-50 elementor-inner-column elementor-element elementor-element-f76b0bd\" data-id=\"f76b0bd\" data-element_type=\"column\" data-e-type=\"column\">\n\t\t\t<div class=\"elementor-widget-wrap elementor-element-populated\">\n\t\t\t\t\t\t<div class=\"elementor-element elementor-element-19e1211 elementor-invisible elementor-widget elementor-widget-image\" data-id=\"19e1211\" data-element_type=\"widget\" data-e-type=\"widget\" data-settings=\"{&quot;_animation&quot;:&quot;bounceInLeft&quot;}\" data-widget_type=\"image.default\">\n\t\t\t\t<div class=\"elementor-widget-container\">\n\t\t\t\t\t\t\t\t\t\t\t\t\t\t\t<img decoding=\"async\" width=\"1140\" height=\"1064\" src=\"https:\/\/studiocobra.net\/wp-content\/uploads\/2025\/12\/povrataklozinke3.jpg\" class=\"attachment-full size-full wp-image-2679\" alt=\"\" srcset=\"https:\/\/studiocobra.net\/wp-content\/uploads\/2025\/12\/povrataklozinke3.jpg 1140w, https:\/\/studiocobra.net\/wp-content\/uploads\/2025\/12\/povrataklozinke3-300x280.jpg 300w, https:\/\/studiocobra.net\/wp-content\/uploads\/2025\/12\/povrataklozinke3-1024x956.jpg 1024w, https:\/\/studiocobra.net\/wp-content\/uploads\/2025\/12\/povrataklozinke3-768x717.jpg 768w, https:\/\/studiocobra.net\/wp-content\/uploads\/2025\/12\/povrataklozinke3-600x560.jpg 600w\" sizes=\"(max-width: 1140px) 100vw, 1140px\" \/>\t\t\t\t\t\t\t\t\t\t\t\t\t\t\t<\/div>\n\t\t\t\t<\/div>\n\t\t\t\t\t<\/div>\n\t\t<\/div>\n\t\t\t\t\t<\/div>\n\t\t<\/section>\n\t\t\t\t\t<\/div>\n\t\t<\/div>\n\t\t\t\t\t<\/div>\n\t\t<\/section>\n\t\t<div class=\"elementor-element elementor-element-3a0ea5e e-flex e-con-boxed e-con e-parent\" data-id=\"3a0ea5e\" data-element_type=\"container\" data-e-type=\"container\">\n\t\t\t\t\t<div class=\"e-con-inner\">\n\t\t\t\t<div class=\"elementor-element elementor-element-35c3988 elementor-widget elementor-widget-text-editor\" data-id=\"35c3988\" data-element_type=\"widget\" data-e-type=\"widget\" data-widget_type=\"text-editor.default\">\n\t\t\t\t<div class=\"elementor-widget-container\">\n\t\t\t\t\t\t\t\t\t<p><a class=\"button accent\" href=\"https:\/\/studiocobra.net\/index.php\/kontakt\/\">Ako imate pitanje, kontaktirajte nas<\/a><\/p>\t\t\t\t\t\t\t\t<\/div>\n\t\t\t\t<\/div>\n\t\t\t\t\t<\/div>\n\t\t\t\t<\/div>\n\t\t<div class=\"elementor-element elementor-element-6ff001c e-flex e-con-boxed e-con e-parent\" data-id=\"6ff001c\" data-element_type=\"container\" data-e-type=\"container\">\n\t\t\t\t\t<div class=\"e-con-inner\">\n\t\t\t\t<div class=\"elementor-element elementor-element-7d0ea6f elementor-widget elementor-widget-spacer\" data-id=\"7d0ea6f\" data-element_type=\"widget\" data-e-type=\"widget\" data-widget_type=\"spacer.default\">\n\t\t\t\t<div class=\"elementor-widget-container\">\n\t\t\t\t\t\t\t<div class=\"elementor-spacer\">\n\t\t\t<div class=\"elementor-spacer-inner\"><\/div>\n\t\t<\/div>\n\t\t\t\t\t\t<\/div>\n\t\t\t\t<\/div>\n\t\t\t\t\t<\/div>\n\t\t\t\t<\/div>\n\t\t\t\t<\/div>\n\t\t","protected":false},"excerpt":{"rendered":"<p>Specijalizovani programiProgram koji nudi jednostavno rje\u0161enje RAR arhive se \u010desto koriste za \u010duvanje i za\u0161titu podataka, jer omogu\u0107avaju kompresiju fajlova i dodatnu sigurnost putem lozinke. Ipak, u situacijama kada korisnik zaboravi lozinku, pristup arhivi mo\u017ee biti onemogu\u0107en. U takvim slu\u010dajevima koristi se program za povrat lozinke RAR arhive. Program za povrat lozinke RAR arhive je [&hellip;]<\/p>\n","protected":false},"author":1,"featured_media":2673,"parent":0,"menu_order":0,"comment_status":"closed","ping_status":"closed","template":"tmpl\/template-fullwidth.php","meta":{"_acf_changed":false,"inline_featured_image":false,"_uf_show_specific_survey":0,"_uf_disable_surveys":false,"footnotes":""},"class_list":["post-2667","page","type-page","status-publish","has-post-thumbnail","hentry"],"acf":[],"aioseo_notices":[],"_links":{"self":[{"href":"https:\/\/studiocobra.net\/index.php\/wp-json\/wp\/v2\/pages\/2667","targetHints":{"allow":["GET"]}}],"collection":[{"href":"https:\/\/studiocobra.net\/index.php\/wp-json\/wp\/v2\/pages"}],"about":[{"href":"https:\/\/studiocobra.net\/index.php\/wp-json\/wp\/v2\/types\/page"}],"author":[{"embeddable":true,"href":"https:\/\/studiocobra.net\/index.php\/wp-json\/wp\/v2\/users\/1"}],"replies":[{"embeddable":true,"href":"https:\/\/studiocobra.net\/index.php\/wp-json\/wp\/v2\/comments?post=2667"}],"version-history":[{"count":21,"href":"https:\/\/studiocobra.net\/index.php\/wp-json\/wp\/v2\/pages\/2667\/revisions"}],"predecessor-version":[{"id":2699,"href":"https:\/\/studiocobra.net\/index.php\/wp-json\/wp\/v2\/pages\/2667\/revisions\/2699"}],"wp:featuredmedia":[{"embeddable":true,"href":"https:\/\/studiocobra.net\/index.php\/wp-json\/wp\/v2\/media\/2673"}],"wp:attachment":[{"href":"https:\/\/studiocobra.net\/index.php\/wp-json\/wp\/v2\/media?parent=2667"}],"curies":[{"name":"wp","href":"https:\/\/api.w.org\/{rel}","templated":true}]}}