{"id":2539,"date":"2025-07-07T12:49:32","date_gmt":"2025-07-07T10:49:32","guid":{"rendered":"https:\/\/studiocobra.net\/?post_type=product&#038;p=2539"},"modified":"2025-07-07T16:25:21","modified_gmt":"2025-07-07T14:25:21","slug":"msi-cyborg-15-a13vfk-gaming-laptop-i7-16gb-ram-512gb-ssd-rtx-4060-dlss-3","status":"publish","type":"product","link":"https:\/\/studiocobra.net\/index.php\/proizvod\/msi-cyborg-15-a13vfk-gaming-laptop-i7-16gb-ram-512gb-ssd-rtx-4060-dlss-3\/","title":{"rendered":"MSI Cyborg 15 A13VFK Gaming Laptop, i7, 16GB RAM, 512GB SSD, RTX 4060 &#8211; DLSS 3"},"content":{"rendered":"<p>Tehni\u010dki detalji procesora<\/p>\n<table>\n<tbody>\n<tr>\n<td width=\"302\">Porodica procesora<\/td>\n<td width=\"302\">Intel\u00ae Core\u2122 i7<\/td>\n<\/tr>\n<tr>\n<td width=\"302\">Model procesora<\/td>\n<td width=\"302\">Intel\u00ae Core\u2122 i7-13620H<\/td>\n<\/tr>\n<\/tbody>\n<\/table>\n<p>&nbsp;<\/p>\n<p>Tehni\u010dki detalji grafi\u010dke kartice<\/p>\n<table>\n<tbody>\n<tr>\n<td width=\"302\">Model grafi\u010dke kartice<\/td>\n<td width=\"302\">NVIDIA GeForce RTX 4060<\/td>\n<\/tr>\n<tr>\n<td width=\"302\">GPU VRAM<\/td>\n<td width=\"302\">8 GB<\/td>\n<\/tr>\n<\/tbody>\n<\/table>\n<p>&nbsp;<\/p>\n<p>Tehni\u010dki detalji memorije<\/p>\n<table>\n<tbody>\n<tr>\n<td width=\"302\">Instalirana RAM memorija<\/td>\n<td width=\"302\">16 GB<\/td>\n<\/tr>\n<tr>\n<td width=\"302\">Tip RAM-a<\/td>\n<td width=\"302\">DDR5<\/td>\n<\/tr>\n<tr>\n<td width=\"302\">Brzina RAM-a<\/td>\n<td width=\"302\">5600 MHz<\/td>\n<\/tr>\n<\/tbody>\n<\/table>\n<p>&nbsp;<\/p>\n<p>Memorija za pohranu podataka<\/p>\n<table>\n<tbody>\n<tr>\n<td width=\"302\">Kapacitet SSD-a<\/td>\n<td width=\"302\">512 GB<\/td>\n<\/tr>\n<tr>\n<td width=\"302\">SSD interfejs<\/td>\n<td width=\"302\">PCIE GEN4x4 NVMe<\/td>\n<\/tr>\n<\/tbody>\n<\/table>\n<p>&nbsp;<\/p>\n<p>Fizi\u010dke veze<\/p>\n<table>\n<tbody>\n<tr>\n<td width=\"302\">HDMI<\/td>\n<td width=\"302\">1x HDMI<\/td>\n<\/tr>\n<tr>\n<td width=\"302\">USB<\/td>\n<td width=\"302\">3.22x USB 3.2<\/td>\n<\/tr>\n<tr>\n<td width=\"302\">Tip-C<\/td>\n<td width=\"302\">2400:1<\/td>\n<\/tr>\n<tr>\n<td width=\"302\">RJ-451<\/td>\n<td width=\"302\">xRJ45<\/td>\n<\/tr>\n<\/tbody>\n<\/table>\n<p>&nbsp;<\/p>\n<p>Povezivanje:<\/p>\n<table>\n<tbody>\n<tr>\n<td width=\"302\">Ethernet LAN<\/td>\n<td width=\"302\">Gigabit<\/td>\n<\/tr>\n<tr>\n<td width=\"302\">Be\u017ei\u010dni LAN<\/td>\n<td width=\"302\">802.11ax<\/td>\n<\/tr>\n<tr>\n<td width=\"302\">Bluetooth<\/td>\n<td width=\"302\">Olemas<\/td>\n<\/tr>\n<tr>\n<td width=\"302\"><\/td>\n<td width=\"302\"><\/td>\n<\/tr>\n<\/tbody>\n<\/table>\n<p>&nbsp;<\/p>\n<p>Softver<\/p>\n<table>\n<tbody>\n<tr>\n<td width=\"302\">Operativni sistem<\/td>\n<td width=\"302\">Windows 11 Home<\/td>\n<\/tr>\n<\/tbody>\n<\/table>\n<p>&nbsp;<\/p>\n<p>Dodatne informacije<\/p>\n<table>\n<tbody>\n<tr>\n<td width=\"302\">Boja<\/td>\n<td width=\"302\">Crna<\/td>\n<\/tr>\n<tr>\n<td width=\"302\">Web kamera<\/td>\n<td width=\"302\">Da<\/td>\n<\/tr>\n<tr>\n<td width=\"302\">Garancija<\/td>\n<td width=\"302\">24<\/td>\n<\/tr>\n<\/tbody>\n<\/table>\n","protected":false},"excerpt":{"rendered":"<p>Sljede\u0107a faza evolucije je stigla: zaronite u svijet igara u cyberpunk stilu, iskusite svoj nau\u010dno-fantasti\u010dni stil i nadma\u0161ite protivnika revolucionarnim hardverom. Sa futuristi\u010dkim mehaniziranim dizajnom eksterijera, Cyborg 15 A13V je napravljen da bude najavangardniji laptop za igranje<\/p>\n","protected":false},"featured_media":2540,"comment_status":"open","ping_status":"closed","template":"","meta":{"_acf_changed":false,"inline_featured_image":false,"_uf_show_specific_survey":0,"_uf_disable_surveys":false},"product_brand":[],"product_cat":[54],"product_tag":[],"class_list":{"0":"post-2539","1":"product","2":"type-product","3":"status-publish","4":"has-post-thumbnail","6":"product_cat-laptop","8":"first","9":"instock","10":"taxable","11":"shipping-taxable","12":"purchasable","13":"product-type-simple"},"acf":[],"aioseo_notices":[],"_links":{"self":[{"href":"https:\/\/studiocobra.net\/index.php\/wp-json\/wp\/v2\/product\/2539","targetHints":{"allow":["GET"]}}],"collection":[{"href":"https:\/\/studiocobra.net\/index.php\/wp-json\/wp\/v2\/product"}],"about":[{"href":"https:\/\/studiocobra.net\/index.php\/wp-json\/wp\/v2\/types\/product"}],"replies":[{"embeddable":true,"href":"https:\/\/studiocobra.net\/index.php\/wp-json\/wp\/v2\/comments?post=2539"}],"version-history":[{"count":6,"href":"https:\/\/studiocobra.net\/index.php\/wp-json\/wp\/v2\/product\/2539\/revisions"}],"predecessor-version":[{"id":2551,"href":"https:\/\/studiocobra.net\/index.php\/wp-json\/wp\/v2\/product\/2539\/revisions\/2551"}],"wp:featuredmedia":[{"embeddable":true,"href":"https:\/\/studiocobra.net\/index.php\/wp-json\/wp\/v2\/media\/2540"}],"wp:attachment":[{"href":"https:\/\/studiocobra.net\/index.php\/wp-json\/wp\/v2\/media?parent=2539"}],"wp:term":[{"taxonomy":"product_brand","embeddable":true,"href":"https:\/\/studiocobra.net\/index.php\/wp-json\/wp\/v2\/product_brand?post=2539"},{"taxonomy":"product_cat","embeddable":true,"href":"https:\/\/studiocobra.net\/index.php\/wp-json\/wp\/v2\/product_cat?post=2539"},{"taxonomy":"product_tag","embeddable":true,"href":"https:\/\/studiocobra.net\/index.php\/wp-json\/wp\/v2\/product_tag?post=2539"}],"curies":[{"name":"wp","href":"https:\/\/api.w.org\/{rel}","templated":true}]}}